{"id":6641,"date":"2022-01-28T13:38:29","date_gmt":"2022-01-28T12:38:29","guid":{"rendered":"https:\/\/www.dos30.com\/actualidad\/?page_id=6641"},"modified":"2022-01-31T17:23:07","modified_gmt":"2022-01-31T16:23:07","slug":"politica-de-privacidad","status":"publish","type":"page","link":"https:\/\/www.dos30.com\/actualidad\/politica-de-privacidad\/","title":{"rendered":"Pol\u00edtica de privacidad"},"content":{"rendered":"\n<p class=\"has-small-font-size\">Los datos de car\u00e1cter personal que usted nos conf\u00eda son muy importantes para nosotros. Por este motivo deseamos informarle acerca de c\u00f3mo tratamos sus datos personales.<\/p>\n\n\n\n<h4 class=\"wp-block-heading\">Responsable del tratamiento<\/h4>\n\n\n\n<p class=\"has-small-font-size\"><strong>BREAKING RATINGS, S.L.<br>CIF: B87554721<br>C\/ Mar\u00eda de Molina 54<br>28006-Madrid<br>TF.: +34 692 144931<br>dos30@dos30.com<br>dos30.com<\/strong><\/p>\n\n\n\n<h4 class=\"wp-block-heading\">Finalidades del tratamiento<\/h4>\n\n\n\n<p class=\"has-small-font-size\">Atender las solicitudes o cualquier tipo de petici\u00f3n o consulta que nos requiera el usuario a trav\u00e9s de cualquiera de las formas de contacto que se ponen a su disposici\u00f3n. Remitirle informaci\u00f3n o documentaci\u00f3n solicitada. En cualquier caso, las finalidades ser\u00e1n las relacionadas con el medio de comunicaci\u00f3n utilizado y la solicitud realizada.<\/p>\n\n\n\n<p class=\"has-small-font-size\">Remitir informaci\u00f3n comercial sobre servicios de su inter\u00e9s y relacionados con nuestra actividad siempre que el usuario consienta y hasta que el mismo revoque el consentimiento dado.<\/p>\n\n\n\n<p class=\"has-small-font-size\">Para dar cumplimento a las obligaciones legales que nos afectan.<\/p>\n\n\n\n<p class=\"has-small-font-size\">Para gestionar en su caso la suscripci\u00f3n a newsletter, blog, etc.<\/p>\n\n\n\n<p class=\"has-small-font-size\">En el caso de Curriculums recibidos para proceder a la selecci\u00f3n de candidatos para cubrir puestos de trabajo. La consecuencia de la obtenci\u00f3n de los datos personales comunicados ser\u00e1 la participaci\u00f3n en los procesos de selecci\u00f3n para cubrir puestos de trabajo.<\/p>\n\n\n\n<h4 class=\"wp-block-heading\">Destinatarios de los datos<\/h4>\n\n\n\n<p class=\"has-small-font-size\">No est\u00e1n previstas comunicaciones de datos salvo obligaci\u00f3n legal o necesarios para la prestaci\u00f3n del servicio solicitado.<\/p>\n\n\n\n<h4 class=\"wp-block-heading\">Redes Sociales<\/h4>\n\n\n\n<p class=\"has-small-font-size\">Podemos utilizar las redes sociales como medio de comunicaci\u00f3n y promoci\u00f3n de nuestros productos y servicios. En ning\u00fan caso utilizamos los datos para fines no permitidos. No nos hacemos responsables de los contenidos, comentarios, opiniones o informaciones, propias o de terceros, que los usuarios publiquen en nuestras cuentas creadas en Facebook, Twitter, etc. Puede utilizar nuestros contenidos para fines l\u00edcitos, siempre y cuando haga menci\u00f3n a su origen o autor. <\/p>\n\n\n\n<p class=\"has-small-font-size\">Tenga en cuenta que la utilizaci\u00f3n de las redes sociales est\u00e1 condicionada a las pol\u00edticas de privacidad de cada una de ellas. Para saber m\u00e1s:<\/p>\n\n\n\n<p class=\"has-small-font-size\"><br><strong>Facebook:<\/strong>&nbsp;<a rel=\"noreferrer noopener\" href=\"https:\/\/es-es.facebook.com\/help\/393920637330807?helpref=faq_content\" target=\"_blank\">https:\/\/es-es.facebook.com\/help\/393920637330807?helpref=faq_content<\/a><br><strong>Twitter:<\/strong>&nbsp;<a rel=\"noreferrer noopener\" href=\"https:\/\/twitter.com\/es\/privacy\" target=\"_blank\">https:\/\/twitter.com\/es\/privacy<\/a><br><strong>Linkedin:<\/strong>&nbsp;<a rel=\"noreferrer noopener\" href=\"https:\/\/www.linkedin.com\/legal\/privacy-policy?_l=es_ES\" target=\"_blank\">https:\/\/www.linkedin.com\/legal\/privacy-policy?_l=es_ES<\/a><\/p>\n\n\n\n<h4 class=\"wp-block-heading\">Plazos o criterios de conservaci\u00f3n de los datos<\/h4>\n\n\n\n<p class=\"has-small-font-size\">Los datos proporcionados ser\u00e1n conservados durante el tiempo necesario para el cumplimiento de las finalidades para la cual se recogieron o no se solicite su supresi\u00f3n por parte del interesado y durante el tiempo necesario para el cumplimiento de las obligaciones legales y se mantenga la relaci\u00f3n suscrita. En el caso de curriculums recibidos estos ser\u00e1n guardados para futuros procesos de selecci\u00f3n de puestos que se ajusten al perfil profesional del candidato, salvo que se manifieste su deseo de que sus datos no sean conservados para esta \u00faltima finalidad en cuyo caso se proceder\u00e1 a eliminarlos de acuerdo con su solicitud.<\/p>\n\n\n\n<h4 class=\"politicas wp-block-heading\">Legitimaci\u00f3n del tratamiento<\/h4>\n\n\n\n<p class=\"has-small-font-size\">Usamos sus datos de conformidad con la normativa de protecci\u00f3n de datos espa\u00f1ola y europea y de acuerdo con las siguientes bases jur\u00eddicas:<\/p>\n\n\n\n<p class=\"has-small-font-size\">Usted ha manifestado su consentimiento al tratamiento de sus datos de car\u00e1cter personal. Este consentimiento puede ser retirado en cualquier momento.<\/p>\n\n\n\n<p class=\"has-small-font-size\">El tratamiento de sus datos es necesario para el cumplimento de una obligaci\u00f3n legal.<\/p>\n\n\n\n<p class=\"has-small-font-size\">El tratamiento de sus datos es necesario para la prestaci\u00f3n de un servicio o producto contratado.<\/p>\n\n\n\n<p class=\"has-small-font-size\">El tratamiento de sus datos es debido a un inter\u00e9s leg\u00edtimo siempre y cuando no prevalezcan los derechos o libertades del titular de los datos.<\/p>\n\n\n\n<h4 class=\"wp-block-heading\">Exactitud y veracidad de los datos facilitados<\/h4>\n\n\n\n<p class=\"has-small-font-size\">Le informamos del car\u00e1cter voluntario en la recogida de sus datos y que su no respuesta no conlleva consecuencia negativa alguna, salvo los datos considerados como imprescindibles (por ejemplo, mediante un asterisco en los formularios de alta, de clientes, contacto o solicitud de suscripci\u00f3n a newsletters) sin los cuales no podremos darle el servicio o la informaci\u00f3n solicitada. Mientras no manifieste lo contrario entendemos que usted presta su consentimiento al tratamiento de los mismos y est\u00e1n actualizados.<\/p>\n\n\n\n<p class=\"has-small-font-size\"><br>Con la finalidad de poder ofrecer el mejor servicio, esta empresa necesita que los datos proporcionados se ajusten a la realidad y est\u00e9n actualizados. En el caso de menores de edad, ser\u00e1 necesaria la autorizaci\u00f3n previa de los padres o representantes legales para poder realizar el tratamiento de los datos personales.<\/p>\n\n\n\n<h4 class=\"wp-block-heading\">Comunicaci\u00f3n de los datos<\/h4>\n\n\n\n<p class=\"has-small-font-size\">No est\u00e1n previstas cesiones salvo obligaci\u00f3n legal o necesarias para la prestaci\u00f3n del servicio y\/o productos solicitados.<\/p>\n\n\n\n<h4 class=\"wp-block-heading\">Seguridad<\/h4>\n\n\n\n<p class=\"has-small-font-size\">Los datos personales que nos proporciona de los que usted es titular, persona autorizada o representante legal son incorporados a nuestras bases de datos de gesti\u00f3n. En el momento de registrar estos datos, nos hacemos responsables de los mismos y en consecuencia aplicamos todos los medios a nuestro alcance para tratarlos con la m\u00e1xima confidencialidad, de forma l\u00edcita, leal, transparente, adecuada y limitada, establecemos las medidas necesarias para evitar su p\u00e9rdida, mal uso, alteraci\u00f3n o acceso no autorizado.<\/p>\n\n\n\n<h4 class=\"wp-block-heading\">Derechos de los titulares de los datos objeto de tratamiento<\/h4>\n\n\n\n<p class=\"has-small-font-size\">En todo momento puede solicitar de manera gratuita, confirmaci\u00f3n sobre si esta empresa est\u00e1 tratando datos personales que le conciernen o no.<\/p>\n\n\n\n<p class=\"has-small-font-size\"><br>Puede acceder a sus datos personales, puede solicitar la rectificaci\u00f3n de datos inexactos o incompletos y solicitar su supresi\u00f3n cuando estos, entre otros motivos, ya no sean necesarios para los fines que fueron recogidos, puede solicitar su portabilidad, puede solicitar la limitaci\u00f3n al tratamiento de los mismos, en cuyo caso \u00fanicamente los conservaremos para el ejercicio o la defensa de reclamaciones.<\/p>\n\n\n\n<p class=\"has-small-font-size\"><br>En determinadas circunstancias y por motivos relacionados con su situaci\u00f3n particular, los interesados podr\u00e1n oponerse al tratamiento de sus datos. Esta empresa dejar\u00e1 de tratar los datos, salvo por motivos leg\u00edtimos imperiosos o el ejercicio de posibles reclamaciones. Tambi\u00e9n podr\u00e1 impugnar decisiones individuales automatizas en su caso. Para efectuar el ejercicio de sus derechos puede enviar una carta a la direcci\u00f3n de contacto que figura en el sitio web, adjuntando fotocopia de su DNI o documento identificativo valido y detalles de la solicitud del derecho que desea ejercer.<\/p>\n\n\n\n<p class=\"has-small-font-size\"><br>Puede solicitar mas informaci\u00f3n o realizar una reclamaci\u00f3n, si considera que sus derechos han sido vulnerados, ante la Agencia Espa\u00f1ola de Protecci\u00f3n de Datos (aepd.es). Tambi\u00e9n puede retirar el consentimiento en cualquier momento, sin que se vea afectada la licitud del tratamiento previo a su retirada.<\/p>\n","protected":false},"excerpt":{"rendered":"<p>Los datos de car\u00e1cter personal que usted nos conf\u00eda son muy importantes para nosotros. Por este motivo deseamos informarle acerca de c\u00f3mo tratamos sus datos personales. Responsable del tratamiento BREAKING RATINGS, S.L.CIF: B87554721C\/ Mar\u00eda de Molina 5428006-MadridTF.: +34 692 144931dos30@dos30.comdos30.com Finalidades del tratamiento Atender las solicitudes o cualquier tipo de petici\u00f3n o consulta que nos &hellip; <a href=\"https:\/\/www.dos30.com\/actualidad\/politica-de-privacidad\/\" class=\"more-link\">Sigue leyendo <span class=\"screen-reader-text\">Pol\u00edtica de privacidad<\/span><\/a><\/p>\n","protected":false},"author":1,"featured_media":0,"parent":0,"menu_order":0,"comment_status":"closed","ping_status":"closed","template":"","meta":{"footnotes":""},"class_list":["post-6641","page","type-page","status-publish","hentry"],"_links":{"self":[{"href":"https:\/\/www.dos30.com\/actualidad\/wp-json\/wp\/v2\/pages\/6641","targetHints":{"allow":["GET"]}}],"collection":[{"href":"https:\/\/www.dos30.com\/actualidad\/wp-json\/wp\/v2\/pages"}],"about":[{"href":"https:\/\/www.dos30.com\/actualidad\/wp-json\/wp\/v2\/types\/page"}],"author":[{"embeddable":true,"href":"https:\/\/www.dos30.com\/actualidad\/wp-json\/wp\/v2\/users\/1"}],"replies":[{"embeddable":true,"href":"https:\/\/www.dos30.com\/actualidad\/wp-json\/wp\/v2\/comments?post=6641"}],"version-history":[{"count":10,"href":"https:\/\/www.dos30.com\/actualidad\/wp-json\/wp\/v2\/pages\/6641\/revisions"}],"predecessor-version":[{"id":6732,"href":"https:\/\/www.dos30.com\/actualidad\/wp-json\/wp\/v2\/pages\/6641\/revisions\/6732"}],"wp:attachment":[{"href":"https:\/\/www.dos30.com\/actualidad\/wp-json\/wp\/v2\/media?parent=6641"}],"curies":[{"name":"wp","href":"https:\/\/api.w.org\/{rel}","templated":true}]}}